{"id":501,"date":"2018-10-10T20:15:18","date_gmt":"2018-10-10T18:15:18","guid":{"rendered":"http:\/\/restaurant-elder.de\/wordpress\/?page_id=501"},"modified":"2019-08-17T12:44:35","modified_gmt":"2019-08-17T10:44:35","slug":"aktionen","status":"publish","type":"page","link":"https:\/\/restaurant-elder.de\/wordpress\/aktionen\/","title":{"rendered":"AKTIONEN"},"content":{"rendered":"<div style=\"text-align: center;\">\u00dcber Allergene und Zusatzstoffe informiert Sie unser Personal gerne vor Ort. Hinweise dazu k\u00f6nnen Sie auch unserer Speisekarte vor Ort entnehmen.<\/div>\n<p><span id=\"vagebond-shortcode\"><div class=\"vm_shortcode_main\">\n\t\t\t\t\t\t<header>\n\t\t\t\t<h3 class=\"badge\">Kalbsbox f\u00fcr 4 Personen (15.04.-17.05.26)<\/h3>\n\t        <\/header>\n\t        \t        \t<ul class=\"price-list\">\n\t        \t\t\t        \t\t\t<li>\n\t\t\t\t\t\t\t<div class=\"top\">\n\t\t\t\t\t        \t<h3 class=\"title\"> Men\u00fc to go f\u00fcr 4 Personen<\/h3>\n\t\t\t\t\t\t\t\t<h4 class=\"price badge\"> 119,00 \u20ac<\/h4>\n\t\t\t\t\t\t\t<\/div>\n\t\t\t\t\t        <p class=\"description\">vom 15.04. - 17.05.2026<\/p>\n\t\t\t\t\t    <\/li>\n\t        \t \t\t        \t\t\t<li>\n\t\t\t\t\t\t\t<div class=\"top\">\n\t\t\t\t\t        \t<h3 class=\"title\"> Wildkr\u00e4utersalat mit Himbeerdressing, Granatapfelkerne, Cro\u00fbtons<\/h3>\n\t\t\t\t\t\t\t\t<h4 class=\"price badge\"> <\/h4>\n\t\t\t\t\t\t\t<\/div>\n\t\t\t\t\t        <p class=\"description\"><\/p>\n\t\t\t\t\t    <\/li>\n\t        \t \t\t        \t\t\t<li>\n\t\t\t\t\t\t\t<div class=\"top\">\n\t\t\t\t\t        \t<h3 class=\"title\"> Rosa gebratener Kalbstafelspitz, Jus, Spitzkohl, Gnocchi<\/h3>\n\t\t\t\t\t\t\t\t<h4 class=\"price badge\"> <\/h4>\n\t\t\t\t\t\t\t<\/div>\n\t\t\t\t\t        <p class=\"description\"><\/p>\n\t\t\t\t\t    <\/li>\n\t        \t \t\t        \t\t\t<li>\n\t\t\t\t\t\t\t<div class=\"top\">\n\t\t\t\t\t        \t<h3 class=\"title\"> Zitronengras Cr\u00e9me Br\u00fbl\u00e9e mit marinierten Erdbeeren<\/h3>\n\t\t\t\t\t\t\t\t<h4 class=\"price badge\"> <\/h4>\n\t\t\t\t\t\t\t<\/div>\n\t\t\t\t\t        <p class=\"description\"><\/p>\n\t\t\t\t\t    <\/li>\n\t        \t \t\t        \t\t\t<li>\n\t\t\t\t\t\t\t<div class=\"top\">\n\t\t\t\t\t        \t<h3 class=\"title\"> Nur auf Vorbestellung (48 Stunden vorher) m\u00f6glich.<\/h3>\n\t\t\t\t\t\t\t\t<h4 class=\"price badge\"> <\/h4>\n\t\t\t\t\t\t\t<\/div>\n\t\t\t\t\t        <p class=\"description\">Preis pro Box 119,00 \u20ac, zuz\u00fcglich 30 \u20ac Pfand f\u00fcr Transportbox &amp; Mehrwegschalen<\/p>\n\t\t\t\t\t    <\/li>\n\t        \t \t\t        \t <\/ul>\n\t        \t      \t\t\t<header>\n\t\t\t\t<h3 class=\"badge\">Elder to go<\/h3>\n\t        <\/header>\n\t        \t        \t<ul class=\"price-list\">\n\t        \t\t\t        \t\t\t<li>\n\t\t\t\t\t\t\t<div class=\"top\">\n\t\t\t\t\t        \t<h3 class=\"title\"> Elder-Secco<\/h3>\n\t\t\t\t\t\t\t\t<h4 class=\"price badge\"> 15,00 \u20ac<\/h4>\n\t\t\t\t\t\t\t<\/div>\n\t\t\t\t\t        <p class=\"description\">Secco mit Holunderbl\u00fctenextrakt, 0,75l<\/p>\n\t\t\t\t\t    <\/li>\n\t        \t \t\t        \t\t\t<li>\n\t\t\t\t\t\t\t<div class=\"top\">\n\t\t\t\t\t        \t<h3 class=\"title\"> Holunderbeeren-Lik\u00f6r<\/h3>\n\t\t\t\t\t\t\t\t<h4 class=\"price badge\"> 8,50 \u20ac<\/h4>\n\t\t\t\t\t\t\t<\/div>\n\t\t\t\t\t        <p class=\"description\">Hausgemacht, 0,2l<\/p>\n\t\t\t\t\t    <\/li>\n\t        \t \t\t        \t\t\t<li>\n\t\t\t\t\t\t\t<div class=\"top\">\n\t\t\t\t\t        \t<h3 class=\"title\"> Salatdressing<\/h3>\n\t\t\t\t\t\t\t\t<h4 class=\"price badge\"> 3,90 \u20ac<\/h4>\n\t\t\t\t\t\t\t<\/div>\n\t\t\t\t\t        <p class=\"description\">Sherry-Dressing je 0,2l<\/p>\n\t\t\t\t\t    <\/li>\n\t        \t \t\t        \t\t\t<li>\n\t\t\t\t\t\t\t<div class=\"top\">\n\t\t\t\t\t        \t<h3 class=\"title\"> Pr\u00e4sentkorb<\/h3>\n\t\t\t\t\t\t\t\t<h4 class=\"price badge\"> <\/h4>\n\t\t\t\t\t\t\t<\/div>\n\t\t\t\t\t        <p class=\"description\">Individuell Zusammenstellbar<\/p>\n\t\t\t\t\t    <\/li>\n\t        \t \t\t        \t\t\t<li>\n\t\t\t\t\t\t\t<div class=\"top\">\n\t\t\t\t\t        \t<h3 class=\"title\"> Unsere Restaurant \u00d6ffnungs- und Abholzeiten<\/h3>\n\t\t\t\t\t\t\t\t<h4 class=\"price badge\"> <\/h4>\n\t\t\t\t\t\t\t<\/div>\n\t\t\t\t\t        <p class=\"description\">Montag bis Freitag von 17:30 Uhr bis 22:00 Uhr (K\u00fcche bis 21:00 Uhr) und Samstag von 11:30-14:30 Uhr (K\u00fcche bis 14:00 Uhr) und von 17:30-22:00 Uhr (K\u00fcche bis 21:00 Uhr)<\/p>\n\t\t\t\t\t    <\/li>\n\t        \t \t\t        \t <\/ul>\n\t        \t         \n\t<\/div><\/span><\/p>\n","protected":false},"excerpt":{"rendered":"<p>\u00dcber Allergene und Zusatzstoffe informiert Sie unser Personal gerne vor Ort. Hinweise dazu k\u00f6nnen Sie auch unserer Speisekarte vor Ort entnehmen.<\/p>\n<div class=\"more-holder\"><a class=\"more-link\" href=\"https:\/\/restaurant-elder.de\/wordpress\/aktionen\/\">Read more<\/a><\/div>\n","protected":false},"author":1,"featured_media":0,"parent":0,"menu_order":0,"comment_status":"closed","ping_status":"closed","template":"","meta":[],"_links":{"self":[{"href":"https:\/\/restaurant-elder.de\/wordpress\/wp-json\/wp\/v2\/pages\/501"}],"collection":[{"href":"https:\/\/restaurant-elder.de\/wordpress\/wp-json\/wp\/v2\/pages"}],"about":[{"href":"https:\/\/restaurant-elder.de\/wordpress\/wp-json\/wp\/v2\/types\/page"}],"author":[{"embeddable":true,"href":"https:\/\/restaurant-elder.de\/wordpress\/wp-json\/wp\/v2\/users\/1"}],"replies":[{"embeddable":true,"href":"https:\/\/restaurant-elder.de\/wordpress\/wp-json\/wp\/v2\/comments?post=501"}],"version-history":[{"count":2,"href":"https:\/\/restaurant-elder.de\/wordpress\/wp-json\/wp\/v2\/pages\/501\/revisions"}],"predecessor-version":[{"id":664,"href":"https:\/\/restaurant-elder.de\/wordpress\/wp-json\/wp\/v2\/pages\/501\/revisions\/664"}],"wp:attachment":[{"href":"https:\/\/restaurant-elder.de\/wordpress\/wp-json\/wp\/v2\/media?parent=501"}],"curies":[{"name":"wp","href":"https:\/\/api.w.org\/{rel}","templated":true}]}}