{"id":30,"date":"2017-02-02T15:20:46","date_gmt":"2017-02-02T14:20:46","guid":{"rendered":"http:\/\/restaurant-elder.de\/wordpress\/?page_id=30"},"modified":"2024-04-08T22:23:55","modified_gmt":"2024-04-08T20:23:55","slug":"veranstaltungen","status":"publish","type":"page","link":"https:\/\/restaurant-elder.de\/wordpress\/veranstaltungen\/","title":{"rendered":"F\u00dcR EVENTS"},"content":{"rendered":"<h2>Sie planen Gr\u00f6\u00dferes?<\/h2>\n<p>Auch f\u00fcr Ihre Feierlichkeiten bieten wir Ihnen einen idealen Rahmen. Ob Familienfest oder Gesch\u00e4ftstreffen, bei uns haben Sie die M\u00f6glichkeit, Ihre Veranstaltung in privater Atmosph\u00e4re stattfinden zu lassen.<br \/>\nEin Teil des Gastraumes ist durch eine flexible Wand vom Rest des Restaurants abtrennbar. Der somit entstandene Veranstaltungsraum bietet je nach Abtrennung und Bestuhlung Platz f\u00fcr 20 \u2013 40 Personen. F\u00fcr gr\u00f6\u00dfere Anl\u00e4sse ist es m\u00f6glich, das gesamte Restaurant exklusiv zu reservieren und somit bis zu 60 G\u00e4sten Platz zu bieten.<\/p>\n<p>Sie ben\u00f6tigen mehr Raum oder eine Vertrautere Atmosph\u00e4re, wollen lieber bei Sich zu Hause feiern? Kein Problem, wir Catern auch gerne Ihre Feierlichkeit.<\/p>\n<p>Bei Fragen zur Planung Ihrer Veranstaltung oder unseren Angeboten, stehen wir Ihnen gerne zur Seite. Wir freuen uns, Sie bei der Umsetzung Ihrer Ideen zu unterst\u00fctzen. F\u00fcr Ihr pers\u00f6nliches Gespr\u00e4ch vereinbaren Sie doch gleich einen Planungstermin mit uns. Wir freuen uns auf Sie, Ihre G\u00e4ste und Ihre Vorstellungen.<\/p>\n","protected":false},"excerpt":{"rendered":"<p>Sie planen Gr\u00f6\u00dferes?<\/p>\n<p>Auch f\u00fcr Ihre Feierlichkeiten bieten wir Ihnen einen idealen Rahmen. Ob Familienfest oder Gesch\u00e4ftstreffen, bei uns haben Sie die M\u00f6glichkeit, Ihre Veranstaltung in privater Atmosph\u00e4re stattfinden zu lassen.<br \/>\nEin Teil des Gastraumes ist durch eine flexible Wand vom Rest des Restaurants abtrennbar. Der somit entstandene Veranstaltungsraum bietet je nach Abtrennung und Bestuhlung Platz f\u00fcr 20 \u2013 40 Personen. F\u00fcr gr\u00f6\u00dfere Anl\u00e4sse ist es m\u00f6glich, das gesamte Restaurant exklusiv zu reservieren und somit bis zu 60 G\u00e4sten Platz zu bieten.<\/p>\n<div class=\"more-holder\"><a class=\"more-link\" href=\"https:\/\/restaurant-elder.de\/wordpress\/veranstaltungen\/\">Read more<\/a><\/div>\n","protected":false},"author":1,"featured_media":0,"parent":0,"menu_order":0,"comment_status":"closed","ping_status":"closed","template":"","meta":[],"_links":{"self":[{"href":"https:\/\/restaurant-elder.de\/wordpress\/wp-json\/wp\/v2\/pages\/30"}],"collection":[{"href":"https:\/\/restaurant-elder.de\/wordpress\/wp-json\/wp\/v2\/pages"}],"about":[{"href":"https:\/\/restaurant-elder.de\/wordpress\/wp-json\/wp\/v2\/types\/page"}],"author":[{"embeddable":true,"href":"https:\/\/restaurant-elder.de\/wordpress\/wp-json\/wp\/v2\/users\/1"}],"replies":[{"embeddable":true,"href":"https:\/\/restaurant-elder.de\/wordpress\/wp-json\/wp\/v2\/comments?post=30"}],"version-history":[{"count":13,"href":"https:\/\/restaurant-elder.de\/wordpress\/wp-json\/wp\/v2\/pages\/30\/revisions"}],"predecessor-version":[{"id":1007,"href":"https:\/\/restaurant-elder.de\/wordpress\/wp-json\/wp\/v2\/pages\/30\/revisions\/1007"}],"wp:attachment":[{"href":"https:\/\/restaurant-elder.de\/wordpress\/wp-json\/wp\/v2\/media?parent=30"}],"curies":[{"name":"wp","href":"https:\/\/api.w.org\/{rel}","templated":true}]}}