{"id":14,"date":"2017-02-02T13:54:13","date_gmt":"2017-02-02T12:54:13","guid":{"rendered":"http:\/\/restaurant-elder.de\/wordpress\/?page_id=14"},"modified":"2025-11-17T14:48:08","modified_gmt":"2025-11-17T13:48:08","slug":"ueber-uns","status":"publish","type":"page","link":"https:\/\/restaurant-elder.de\/wordpress\/ueber-uns\/","title":{"rendered":"\u00dcBER UNS"},"content":{"rendered":"\n<div class=\"wp-block-group is-layout-constrained\"><div class=\"wp-block-group__inner-container\">\n<div style=\"text-align: center;\" data-canvas-width=\"500.80356302521017\">Den Namen Elder m\u00f6chten wir erkl\u00e4ren<\/div>\n<div style=\"text-align: center;\" data-canvas-width=\"535.74407394958\">Bekommt man ihn hier nur selten zu h\u00f6ren<\/div>\n<div style=\"text-align: center;\" data-canvas-width=\"498.70775798319335\">Ist das englische Wort f\u00fcr einen Strauch<\/div>\n<div style=\"text-align: center;\" data-canvas-width=\"498.70775798319335\">Mit wundervollen Bl\u00fcten und Beeren auch<\/div>\n<div style=\"text-align: center;\" data-canvas-width=\"507.96683697479\">In Europa ist er sehr beliebt und bekannt<\/div>\n<div style=\"text-align: center;\" data-canvas-width=\"466.1758588235294\">Auch weit verbreitet im ganzen Land<\/div>\n<div style=\"text-align: center;\" data-canvas-width=\"489.010749579832\">Als Saft oder Sirup trinkt man ihn gern<\/div>\n<div style=\"text-align: center;\" data-canvas-width=\"489.010749579832\">Doch auch gebacken kann man ihn verzehren<\/div>\n<div style=\"text-align: center;\" data-canvas-width=\"520.2288605042017\">In Deutschland wird er Holunder genannt<\/div>\n<div style=\"text-align: center;\" data-canvas-width=\"470.64899495798335\">In \u00d6sterreich ist er als Holler bekannt<\/div>\n<div style=\"text-align: center;\" data-canvas-width=\"646.6340571428573\">Unsere Vorfahren haben sich diesen Namen erdacht<\/div>\n<div style=\"text-align: center;\" data-canvas-width=\"646.6340571428573\">Wir ihn in die Moderne gebracht<\/div>\n<div style=\"text-align: center;\" data-canvas-width=\"456.4788504201682\">Herzliche Gr\u00fc\u00dfe Ihre Familie Holler<\/div>\n<p>\u00a0<\/p>\n<p>\u00a0<\/p>\n<h2 style=\"text-align: center;\" data-canvas-width=\"456.4788504201682\">Das sind wir<\/h2>\n<div style=\"text-align: center;\" data-canvas-width=\"456.4788504201682\">\n<div id=\"pageContainer1\" class=\"page\" data-page-number=\"1\" data-loaded=\"true\">\n<div class=\"textLayer\">\n<p style=\"text-align: center;\" data-canvas-width=\"556.091717647059\">Sehr geehrte Besucher. An dieser Stelle m\u00f6chte wir uns Ihnen gerne einmal vorstellen.<\/p>\n<div data-canvas-width=\"130.3613848739496\">\n<h2>\u00a0<\/h2>\n<h2 style=\"text-align: center;\">Martin Holler<\/h2>\n<p>\u00a0<\/p>\n<div id=\"attachment_122\" style=\"width: 310px\" class=\"wp-caption alignleft\"><img aria-describedby=\"caption-attachment-122\" decoding=\"async\" loading=\"lazy\" class=\"wp-image-122 size-medium\" src=\"https:\/\/restaurant-elder.de\/wordpress\/wp-content\/uploads\/2017\/02\/martin_holler_restaurant-elder-300x300.jpg\" alt=\"Martin Holler - Restaurant Elder - Gau-Algesheim\" width=\"300\" height=\"300\" srcset=\"https:\/\/restaurant-elder.de\/wordpress\/wp-content\/uploads\/2017\/02\/martin_holler_restaurant-elder-300x300.jpg 300w, https:\/\/restaurant-elder.de\/wordpress\/wp-content\/uploads\/2017\/02\/martin_holler_restaurant-elder-150x150.jpg 150w, https:\/\/restaurant-elder.de\/wordpress\/wp-content\/uploads\/2017\/02\/martin_holler_restaurant-elder-768x768.jpg 768w, https:\/\/restaurant-elder.de\/wordpress\/wp-content\/uploads\/2017\/02\/martin_holler_restaurant-elder-1024x1024.jpg 1024w, https:\/\/restaurant-elder.de\/wordpress\/wp-content\/uploads\/2017\/02\/martin_holler_restaurant-elder.jpg 1400w\" sizes=\"(max-width: 300px) 100vw, 300px\" \/><p id=\"caption-attachment-122\" class=\"wp-caption-text\">Martin Holler &#8211; Restaurant Elder &#8211; Gau-Algesheim<\/p><\/div>\n<\/div>\n<div style=\"padding-top: 15px;\" data-canvas-width=\"430.7076100840338\">\n<div id=\"pageContainer1\" class=\"page\" data-page-number=\"1\" data-loaded=\"true\">\n<p class=\"textLayer\">Nun m\u00f6chte ich mich selbst verwirklichen und meinen G\u00e4sten eine moderne deutsche K\u00fcche als Erlebnis pr\u00e4sentieren.<\/p>\n<p class=\"textLayer\">Ich bin der Gesch\u00e4ftsf\u00fchrer und auch zugleich der K\u00fcchenchef des Hauses. Ein gelernter Koch mit Meistertitel und konnte in unterschiedlichen gastronomischen Einrichtungen viele Erfahrungen sammeln. Von der Kantine bis zum Sternelokal, ob im In- oder Ausland, habe ich alles schon einmal gesehen.<\/p>\n<\/div>\n<\/div>\n<\/div>\n<\/div>\n<\/div>\n<div data-canvas-width=\"622.5792201680674\">\u00a0<\/div>\n<div data-canvas-width=\"622.5792201680674\">\u00a0<\/div>\n<div data-canvas-width=\"622.5792201680674\">\u00a0<\/div>\n<div data-canvas-width=\"622.5792201680674\">\u00a0<\/div>\n<div data-canvas-width=\"622.5792201680674\">\u00a0<\/div>\n<div data-canvas-width=\"622.5792201680674\">\u00a0<\/div>\n<div style=\"text-align: center;\" data-canvas-width=\"456.4788504201682\">\n<div data-canvas-width=\"622.5792201680674\">\n<div data-canvas-width=\"456.4788504201682\">\n<div id=\"pageContainer1\" class=\"page\" data-page-number=\"1\" data-loaded=\"true\">\n<div class=\"textLayer\">\n<div data-canvas-width=\"130.3613848739496\">\n<h2>Bettina Giesecke-Holler<\/h2>\n<p>\u00a0<\/p>\n<div id=\"attachment_123\" style=\"width: 310px\" class=\"wp-caption alignright\"><img aria-describedby=\"caption-attachment-123\" decoding=\"async\" loading=\"lazy\" class=\"wp-image-123 size-medium\" src=\"https:\/\/restaurant-elder.de\/wordpress\/wp-content\/uploads\/2017\/02\/bettina_giesecke_holler_restaurant-elder-300x300.jpg\" alt=\"Bettina Giesecke-Holler - Restaurant Elder - Gau-Algesheim\" width=\"300\" height=\"300\" srcset=\"https:\/\/restaurant-elder.de\/wordpress\/wp-content\/uploads\/2017\/02\/bettina_giesecke_holler_restaurant-elder-300x300.jpg 300w, https:\/\/restaurant-elder.de\/wordpress\/wp-content\/uploads\/2017\/02\/bettina_giesecke_holler_restaurant-elder-150x150.jpg 150w, https:\/\/restaurant-elder.de\/wordpress\/wp-content\/uploads\/2017\/02\/bettina_giesecke_holler_restaurant-elder-768x768.jpg 768w, https:\/\/restaurant-elder.de\/wordpress\/wp-content\/uploads\/2017\/02\/bettina_giesecke_holler_restaurant-elder-1024x1024.jpg 1024w, https:\/\/restaurant-elder.de\/wordpress\/wp-content\/uploads\/2017\/02\/bettina_giesecke_holler_restaurant-elder.jpg 1400w\" sizes=\"(max-width: 300px) 100vw, 300px\" \/><p id=\"caption-attachment-123\" class=\"wp-caption-text\">Bettina Giesecke-Holler &#8211; Restaurant Elder &#8211; Gau-Algesheim<\/p><\/div>\n<\/div>\n<div data-canvas-width=\"430.7076100840338\">\n<div id=\"pageContainer1\" class=\"page\" data-page-number=\"1\" data-loaded=\"true\">\n<div class=\"textLayer\">\n<p data-canvas-width=\"622.5792201680674\">An der Seite von Martin Holler, steht seine Ehefrau Bettina Giesecke-Holler. Sie ist gelernte Hotelfachfrau mit Berufserfahrung in den verschieden Bereichen eines Hotelbetriebs. Zu Ihren Hauptaufgaben geh\u00f6rt die Leitung des Servicebereiches.<\/p>\n<p data-canvas-width=\"622.5792201680674\">F\u00fcr unsere G\u00e4ste ist Sie die Ansprechpartnerin bei allen Anliegen. Ob bei der Wahl des passenden Weines oder der Planung Ihrer Feierlichkeit, mit Ihrer Erfahrung steht Sie Ihnen gerne zur Seite.<\/p>\n<\/div>\n<\/div>\n<\/div>\n<\/div>\n<\/div>\n<div data-canvas-width=\"622.5792201680674\">\u00a0<\/div>\n<div data-canvas-width=\"622.5792201680674\">\u00a0<\/div>\n<\/div>\n<div data-canvas-width=\"622.5792201680674\">\u00a0<\/div>\n<div data-canvas-width=\"622.5792201680674\">\u00a0<\/div>\n<div data-canvas-width=\"622.5792201680674\">\u00a0<\/div>\n<div data-canvas-width=\"622.5792201680674\">\u00a0<\/div>\n<div data-canvas-width=\"622.5792201680674\">\u00a0<\/div>\n<div data-canvas-width=\"622.5792201680674\">\u00a0<\/div>\n<\/div>\n<div data-canvas-width=\"622.5792201680674\">\u00a0<\/div>\n<div data-canvas-width=\"622.5792201680674\">\u00a0<\/div>\n<div data-canvas-width=\"622.5792201680674\">\u00a0<\/div>\n<div data-canvas-width=\"622.5792201680674\">\u00a0<\/div>\n<div data-canvas-width=\"220.4501042016807\"><hr \/><\/div>\n<\/div>\n<\/div><\/div>\n","protected":false},"excerpt":{"rendered":"<p>Den Namen Elder m\u00f6chten wir erkl\u00e4ren<br \/>\nBekommt man ihn hier nur selten zu h\u00f6ren<br \/>\nIst das englische Wort f\u00fcr einen Strauch<br \/>\nMit wundervollen Bl\u00fcten und Beeren auch<br \/>\nIn Europa ist er sehr beliebt und bekannt<br \/>\nAuch weit verbreitet im ganzen Land<br \/>\nAls Saft oder Sirup trinkt man ihn gern<br \/>\nDoch auch gebacken kann man ihn verzehren<br \/>\nIn Deutschland wird er Holunder genannt<br \/>\nIn \u00d6sterreich ist er als Holler bekannt<br \/>\nUnsere Vorfahren haben sich diesen Namen erdacht<br \/>\nWir ihn in die Moderne gebracht<br \/>\nHerzliche Gr\u00fc\u00dfe Ihre Familie Holler<\/p>\n<p>\u00a0<\/p>\n<p>\u00a0<\/p>\n<p>Das sind wir<\/p>\n<p style=\"text-align: center;\" data-canvas-width=\"556.091717647059\">Sehr geehrte Besucher.<\/p>\n<div class=\"more-holder\"><a class=\"more-link\" href=\"https:\/\/restaurant-elder.de\/wordpress\/ueber-uns\/\">Read more<\/a><\/div>\n","protected":false},"author":1,"featured_media":0,"parent":0,"menu_order":0,"comment_status":"closed","ping_status":"closed","template":"","meta":[],"_links":{"self":[{"href":"https:\/\/restaurant-elder.de\/wordpress\/wp-json\/wp\/v2\/pages\/14"}],"collection":[{"href":"https:\/\/restaurant-elder.de\/wordpress\/wp-json\/wp\/v2\/pages"}],"about":[{"href":"https:\/\/restaurant-elder.de\/wordpress\/wp-json\/wp\/v2\/types\/page"}],"author":[{"embeddable":true,"href":"https:\/\/restaurant-elder.de\/wordpress\/wp-json\/wp\/v2\/users\/1"}],"replies":[{"embeddable":true,"href":"https:\/\/restaurant-elder.de\/wordpress\/wp-json\/wp\/v2\/comments?post=14"}],"version-history":[{"count":12,"href":"https:\/\/restaurant-elder.de\/wordpress\/wp-json\/wp\/v2\/pages\/14\/revisions"}],"predecessor-version":[{"id":1107,"href":"https:\/\/restaurant-elder.de\/wordpress\/wp-json\/wp\/v2\/pages\/14\/revisions\/1107"}],"wp:attachment":[{"href":"https:\/\/restaurant-elder.de\/wordpress\/wp-json\/wp\/v2\/media?parent=14"}],"curies":[{"name":"wp","href":"https:\/\/api.w.org\/{rel}","templated":true}]}}